{"id":3868,"date":"2026-04-14T07:35:54","date_gmt":"2026-04-14T07:35:54","guid":{"rendered":"https:\/\/www.labelec.es\/politique-de-confidentialite-et-cookies\/"},"modified":"2026-04-14T09:42:20","modified_gmt":"2026-04-14T09:42:20","slug":"politique-de-confidentialite-et-cookies","status":"publish","type":"page","link":"https:\/\/www.labelec.es\/fr\/politique-de-confidentialite-et-cookies\/","title":{"rendered":"Politique de confidentialit\u00e9 et Cookies"},"content":{"rendered":"<p><div class=\"fusion-fullwidth fullwidth-box fusion-builder-row-1 nonhundred-percent-fullwidth non-hundred-percent-height-scrolling\" style=\"--awb-border-radius-top-left:0px;--awb-border-radius-top-right:0px;--awb-border-radius-bottom-right:0px;--awb-border-radius-bottom-left:0px;--awb-flex-wrap:wrap;\" ><div class=\"fusion-builder-row fusion-row\"><div class=\"fusion-layout-column fusion_builder_column fusion-builder-column-0 fusion_builder_column_1_1 1_1 fusion-one-full fusion-column-first fusion-column-last\" style=\"--awb-bg-size:cover;--awb-margin-bottom:0px;\"><div class=\"fusion-column-wrapper fusion-flex-column-wrapper-legacy\"><div class=\"fusion-text fusion-text-1\"><p>MENTIONS L\u00c9GALES, POLITIQUE DE CONFIDENTIALIT\u00c9 ET CONDITIONS D\u2019UTILISATION DU SITE WEB<\/p>\n<p><strong>1. Informations pour se conformer \u00e0 la Loi 34\/2002 du 11 juillet (Art. 9 et 10)<\/strong><\/p>\n<p>Titulaire : DENA DESARROLLOS, SL<br \/>\nAdresse : Duero, 5, 08223 Terrassa (Barcelone, Espagne)<br \/>\nContact : T\u00e9l. +34 93 736 03 00 \/ Fax : +34 93 736 03 03<br \/>\nDonn\u00e9es d\u2019enregistrement : Registre du Commerce de Barcelone, Tome 22942, Folio 146, Feuille B-45205, Inscription 15<br \/>\nNIF : B08306052<br \/>\nTitre du site web : www.Labelec.es<\/p>\n<p>LABELEC<sup>\u00ae<\/sup> est une marque d\u00e9pos\u00e9e sous laquelle DENA DESARROLLOS, SL commercialise ses produits et services.<\/p>\n<p><strong>2. Politique de Propri\u00e9t\u00e9 Intellectuelle<\/strong><\/p>\n<p>DENA DESARROLLOS, SL d\u00e9cline toute responsabilit\u00e9 r\u00e9sultant d\u2019une utilisation incorrecte, inappropri\u00e9e ou illicite des informations figurant sur les pages Internet de www.Labelec.es<br \/>\n. Dans les limites pr\u00e9vues par la loi, DENA DESARROLLOS, SL n\u2019assume aucune responsabilit\u00e9 quant au manque de v\u00e9racit\u00e9, d\u2019exhaustivit\u00e9, de mise \u00e0 jour ou de pr\u00e9cision des donn\u00e9es ou informations contenues sur ses pages Internet.<\/p>\n<p>Les contenus et informations des pages web de DENA DESARROLLOS, SL peuvent \u00eatre \u00e9labor\u00e9s par des tiers. Par cons\u00e9quent, ils ne lient pas DENA DESARROLLOS, SL et ne constituent pas ses opinions officielles, mais sont uniquement fournis \u00e0 titre informatif.<\/p>\n<p>Les pages Internet de DENA DESARROLLOS, SL peuvent contenir des liens vers des sites tiers que DENA DESARROLLOS, SL ne peut pas contr\u00f4ler. Par cons\u00e9quent, DENA DESARROLLOS, SL ne peut \u00eatre tenu responsable du contenu apparaissant sur ces sites. Les textes, images, sons, animations, logiciels et autres contenus inclus dans www.Labelec.es<br \/>\nsont la propri\u00e9t\u00e9 exclusive de DENA DESARROLLOS, SL ou de leurs propri\u00e9taires. Toute transmission, distribution, cession, reproduction, stockage ou communication publique, totale ou partielle, n\u00e9cessite le consentement expr\u00e8s de DENA DESARROLLOS, SL.<\/p>\n<p><strong>3. R\u00e8glement G\u00e9n\u00e9ral sur la Protection des Donn\u00e9es (RGPD) applicable \u00e0 partir du 25 mai 2018<\/strong><\/p>\n<p>Pour acc\u00e9der \u00e0 certains services propos\u00e9s par DENA DESARROLLOS, SL via son site web, l\u2019utilisateur peut \u00eatre amen\u00e9 \u00e0 fournir des donn\u00e9es personnelles. Conform\u00e9ment au <strong>R\u00e8glement G\u00e9n\u00e9ral sur la Protection des Donn\u00e9es (RGPD)<\/strong>, nous vous informons que, en remplissant les formulaires et en donnant votre consentement explicite, vos donn\u00e9es personnelles seront int\u00e9gr\u00e9es et trait\u00e9es dans un fichier d\u00fbment enregistr\u00e9 appartenant \u00e0 DENA DESARROLLOS, SL, afin de fournir les services (correctement d\u00e9crits) et de vous informer de toute information commerciale susceptible de vous int\u00e9resser.<\/p>\n<p>Pour le bon fonctionnement des services propos\u00e9s, DENA DESARROLLOS, SL pourra communiquer ces donn\u00e9es \u00e0 des entit\u00e9s participant au d\u00e9veloppement du site web, sans toutefois les c\u00e9der \u00e0 des tiers. Les utilisateurs de www.Labelec.es<br \/>\npeuvent exercer leurs droits d\u2019acc\u00e8s, de rectification, d\u2019opposition et de suppression en envoyant une demande \u00e9crite \u00e0 infoweb@Labelec.es<br \/>\nou \u00e0 DENA DESARROLLOS, SL (D\u00e9partement Communication), Calle Duero, 5 \u2013 08223 Terrassa.<\/p>\n<p>Conditions l\u00e9gales<\/p>\n<p><strong>4. Acceptation des Conditions L\u00e9gales de Contractation<\/strong><\/p>\n<p>En acceptant ce contrat (par clic), l\u2019utilisateur d\u00e9clare :<\/p>\n<p>\u00catre majeur et avoir la capacit\u00e9 juridique de contracter, et avoir lu et accept\u00e9 les pr\u00e9sentes Conditions L\u00e9gales.<\/p>\n<p>Ces Conditions L\u00e9gales (ci-apr\u00e8s, les \u00ab Conditions L\u00e9gales \u00bb) r\u00e9gissent la relation juridique issue des processus de contractualisation entre les utilisateurs (ci-apr\u00e8s, les \u00ab Utilisateurs \u00bb) et le site web situ\u00e9 \u00e0 l\u2019URL http:\/\/www.Labelec.es<br \/>\n, propri\u00e9t\u00e9 de DENA DESARROLLOS, SL (ci-apr\u00e8s \u00ab LABELEC.ES \u00bb). Les Utilisateurs acceptent les Conditions L\u00e9gales d\u00e8s qu\u2019ils utilisent (consultent, visitent, etc.) ou contractent un service. Ce document peut \u00eatre imprim\u00e9 et conserv\u00e9 par les Utilisateurs. LABELEC.ES met \u00e0 disposition le num\u00e9ro de t\u00e9l\u00e9phone 93 736 03 00 et l\u2019adresse e-mail infoweb@Labelec.es<br \/>\npour toute question relative aux Conditions L\u00e9gales.<\/p>\n<p><strong>5. Lois applicables<\/strong><\/p>\n<p>Les pr\u00e9sentes Conditions L\u00e9gales sont soumises \u00e0 la Loi 7\/1998 du 13 avril relative aux Conditions G\u00e9n\u00e9rales de Contractation, \u00e0 la Loi 26\/1984 du 19 juillet relative \u00e0 la D\u00e9fense des Consommateurs et Utilisateurs, au RGPD du 25 mai 2018 relatif \u00e0 la Protection des Donn\u00e9es \u00e0 Caract\u00e8re Personnel, ainsi qu\u2019\u00e0 la Loi 34\/2002 du 11 juillet relative aux Services de la Soci\u00e9t\u00e9 de l\u2019Information et au Commerce \u00c9lectronique.<\/p>\n<p><strong>6. Politique d\u2019utilisation du service et responsabilit\u00e9s<\/strong><\/p>\n<p>LABELEC.ES ne garantit pas la disponibilit\u00e9 permanente des services et est exon\u00e9r\u00e9 de toute responsabilit\u00e9 pour les dommages pouvant r\u00e9sulter d\u2019une indisponibilit\u00e9 due \u00e0 un cas de force majeure ou \u00e0 des erreurs des r\u00e9seaux de transmission de donn\u00e9es ind\u00e9pendantes de sa volont\u00e9.<\/p>\n<p>LABELEC.ES n\u2019est pas responsable du contenu des liens vers des pages web externes non contr\u00f4l\u00e9es par lui.<\/p>\n<p>L\u2019utilisateur reconna\u00eet que les informations fournies par LABELEC.ES n\u2019ont pas de valeur juridique contraignante et sont fournies uniquement \u00e0 titre informatif.<\/p>\n<p><strong>7. Modification des Conditions L\u00e9gales<\/strong><\/p>\n<p>LABELEC.ES peut modifier les Conditions L\u00e9gales sans pr\u00e9avis afin d\u2019am\u00e9liorer les services propos\u00e9s via www.Labelec.es<br \/>\n. La publication des modifications sur le site vaut notification. Dans tous les cas, les Utilisateurs peuvent consulter les Conditions L\u00e9gales avant utilisation des services.<\/p>\n<p><strong>8. Politique de confidentialit\u00e9 et protection des donn\u00e9es personnelles<\/strong><\/p>\n<p>En fournissant une adresse e-mail ou d\u2019autres donn\u00e9es personnelles, n\u00e9cessaires pour certains services, et avec son consentement explicite, l\u2019Utilisateur autorise leur traitement ainsi que leur utilisation pour l\u2019envoi de communications commerciales li\u00e9es aux services ou produits de LABELEC.ES ou de ses partenaires.<\/p>\n<p>Les Utilisateurs peuvent retirer leur consentement via infoweb@Labelec.es<br \/>\nou au 93 736 03 00.<\/p>\n<p>LABELEC.ES d\u00e9clare respecter la r\u00e9glementation en vigueur en mati\u00e8re de protection des donn\u00e9es, notamment le RGPD. Les Utilisateurs peuvent exercer leurs droits via les moyens de contact indiqu\u00e9s. Les donn\u00e9es ne seront pas c\u00e9d\u00e9es \u00e0 des tiers, sauf aux plateformes Mailchimp et Mailrelay.<\/p>\n<p><strong>9. Respect de la Propri\u00e9t\u00e9 Intellectuelle<\/strong><\/p>\n<p>Les contenus fournis par LABELEC.ES sont prot\u00e9g\u00e9s par les droits de propri\u00e9t\u00e9 intellectuelle et industrielle et appartiennent exclusivement \u00e0 DENA DESARROLLOS, SL ou \u00e0 ses titulaires. L\u2019achat d\u2019un service ne conf\u00e8re aucun droit d\u2019exploitation.<\/p>\n<p>Toute cession n\u00e9cessite une autorisation \u00e9crite pr\u00e9alable. L\u2019utilisateur ne peut pas diffuser ces contenus \u00e0 des tiers.<\/p>\n<p>La propri\u00e9t\u00e9 intellectuelle inclut \u00e9galement les logos, le design, les images et le code source du site.<\/p>\n<p><strong>10. L\u00e9gislation applicable et juridiction comp\u00e9tente<\/strong><\/p>\n<p>Les pr\u00e9sentes Conditions L\u00e9gales sont r\u00e9gies et interpr\u00e9t\u00e9es conform\u00e9ment au droit espagnol.<\/p>\n<p><strong>11. Notifications<\/strong><\/p>\n<p>Toutes les communications doivent \u00eatre effectu\u00e9es par \u00e9crit et remises en main propre ou envoy\u00e9es par courrier recommand\u00e9.<\/p>\n<p>Ce site utilise des Cookies pour am\u00e9liorer l\u2019exp\u00e9rience utilisateur.<\/p>\n<p><strong>12. Politique de cookies<\/strong><\/p>\n<p><strong>12.1. Que sont les Cookies et comment sont-ils utilis\u00e9s ?<\/strong><\/p>\n<p>Les Cookies sont des fichiers install\u00e9s sur votre navigateur ou appareil pour stocker des informations sur votre navigation.<\/p>\n<p>LABELEC utilise des Cookies pour :<\/p>\n<ul>\n<li>Assurer le bon fonctionnement du site<\/li>\n<li>M\u00e9moriser les pr\u00e9f\u00e9rences<\/li>\n<li>Analyser la navigation<\/li>\n<li>Recueillir des statistiques anonymes<\/li>\n<\/ul>\n<p><strong>12.2. Types de Cookies<\/strong><\/p>\n<p>Cookies de session et persistants.<br \/>\nCookies propres et de tiers.<\/p>\n<p><strong>12.3. Mise \u00e0 jour<\/strong><\/p>\n<p>LABELEC peut mettre \u00e0 jour cette politique. Il est recommand\u00e9 de la consulter r\u00e9guli\u00e8rement.<\/p>\n<\/div><div class=\"fusion-clearfix\"><\/div><\/div><\/div><\/div><\/div><div class=\"fusion-fullwidth fullwidth-box fusion-builder-row-2 nonhundred-percent-fullwidth non-hundred-percent-height-scrolling\" style=\"--awb-border-radius-top-left:0px;--awb-border-radius-top-right:0px;--awb-border-radius-bottom-right:0px;--awb-border-radius-bottom-left:0px;--awb-padding-top:20px;--awb-padding-bottom:20px;--awb-flex-wrap:wrap;\" ><div class=\"fusion-builder-row fusion-row\"><div class=\"fusion-layout-column fusion_builder_column fusion-builder-column-1 fusion_builder_column_1_1 1_1 fusion-one-full fusion-column-first fusion-column-last\" style=\"--awb-bg-blend:overlay;--awb-bg-size:cover;\"><div class=\"fusion-column-wrapper fusion-flex-column-wrapper-legacy\"><div class=\"fusion-title title fusion-title-1 fusion-title-center fusion-title-text fusion-title-size-two\" style=\"--awb-margin-top:30px;--awb-margin-top-small:10px;--awb-margin-right-small:0px;--awb-margin-bottom-small:10px;--awb-margin-left-small:0px;\"><div class=\"title-sep-container title-sep-container-left\"><div class=\"title-sep sep-single sep-solid\" style=\"border-color:#e0dede;\"><\/div><\/div><span class=\"awb-title-spacer\"><\/span><h2 class=\"fusion-title-heading title-heading-center fusion-responsive-typography-calculated\" style=\"margin:0;--fontSize:19.5;line-height:2;\"><strong>CONTACTEZ LABELEC<\/strong><\/h2><span class=\"awb-title-spacer\"><\/span><div class=\"title-sep-container title-sep-container-right\"><div class=\"title-sep sep-single sep-solid\" style=\"border-color:#e0dede;\"><\/div><\/div><\/div><script charset=\"utf-8\" type=\"text\/javascript\" src=\"\/\/js-eu1.hsforms.net\/forms\/embed\/v2.js\"><\/script>\n<script>\n  hbspt.forms.create({\n    portalId: \"144688283\",\n    formId: \"972248db-750e-4b5f-ab55-79daa7bde2f4\",\n    region: \"eu1\"\n  });\n<\/script><div class=\"fusion-clearfix\"><\/div><\/div><\/div><\/div><\/div>\n<\/p>\n","protected":false},"excerpt":{"rendered":"","protected":false},"author":1,"featured_media":0,"parent":0,"menu_order":0,"comment_status":"closed","ping_status":"closed","template":"","meta":{"footnotes":""},"class_list":["post-3868","page","type-page","status-publish","hentry"],"yoast_head":"<!-- This site is optimized with the Yoast SEO plugin v27.4 - https:\/\/yoast.com\/product\/yoast-seo-wordpress\/ -->\n<title>Politique de confidentialit\u00e9 et Cookies - Labelec<\/title>\n<meta name=\"robots\" content=\"index, follow, max-snippet:-1, max-image-preview:large, max-video-preview:-1\" \/>\n<link rel=\"canonical\" href=\"https:\/\/www.labelec.es\/fr\/politique-de-confidentialite-et-cookies\/\" \/>\n<meta property=\"og:locale\" content=\"en_US\" \/>\n<meta property=\"og:type\" content=\"article\" \/>\n<meta property=\"og:title\" content=\"Politique de confidentialit\u00e9 et Cookies - Labelec\" \/>\n<meta property=\"og:url\" content=\"https:\/\/www.labelec.es\/fr\/politique-de-confidentialite-et-cookies\/\" \/>\n<meta property=\"og:site_name\" content=\"Labelec\" \/>\n<meta property=\"article:modified_time\" content=\"2026-04-14T09:42:20+00:00\" \/>\n<meta name=\"twitter:card\" content=\"summary_large_image\" \/>\n<meta name=\"twitter:label1\" content=\"Est. reading time\" \/>\n\t<meta name=\"twitter:data1\" content=\"7 minutes\" \/>\n<script type=\"application\/ld+json\" class=\"yoast-schema-graph\">{\"@context\":\"https:\\\/\\\/schema.org\",\"@graph\":[{\"@type\":\"WebPage\",\"@id\":\"https:\\\/\\\/www.labelec.es\\\/fr\\\/politique-de-confidentialite-et-cookies\\\/\",\"url\":\"https:\\\/\\\/www.labelec.es\\\/fr\\\/politique-de-confidentialite-et-cookies\\\/\",\"name\":\"Politique de confidentialit\u00e9 et Cookies - Labelec\",\"isPartOf\":{\"@id\":\"https:\\\/\\\/www.labelec.es\\\/fr\\\/#website\"},\"datePublished\":\"2026-04-14T07:35:54+00:00\",\"dateModified\":\"2026-04-14T09:42:20+00:00\",\"breadcrumb\":{\"@id\":\"https:\\\/\\\/www.labelec.es\\\/fr\\\/politique-de-confidentialite-et-cookies\\\/#breadcrumb\"},\"inLanguage\":\"Avada-fr-FR\",\"potentialAction\":[{\"@type\":\"ReadAction\",\"target\":[\"https:\\\/\\\/www.labelec.es\\\/fr\\\/politique-de-confidentialite-et-cookies\\\/\"]}]},{\"@type\":\"BreadcrumbList\",\"@id\":\"https:\\\/\\\/www.labelec.es\\\/fr\\\/politique-de-confidentialite-et-cookies\\\/#breadcrumb\",\"itemListElement\":[{\"@type\":\"ListItem\",\"position\":1,\"name\":\"Home\",\"item\":\"https:\\\/\\\/www.labelec.es\\\/fr\\\/\"},{\"@type\":\"ListItem\",\"position\":2,\"name\":\"Politique de confidentialit\u00e9 et Cookies\"}]},{\"@type\":\"WebSite\",\"@id\":\"https:\\\/\\\/www.labelec.es\\\/fr\\\/#website\",\"url\":\"https:\\\/\\\/www.labelec.es\\\/fr\\\/\",\"name\":\"Labelec\",\"description\":\"Laboratorio de ensayo de alta tensi\u00f3n\",\"publisher\":{\"@id\":\"https:\\\/\\\/www.labelec.es\\\/fr\\\/#organization\"},\"potentialAction\":[{\"@type\":\"SearchAction\",\"target\":{\"@type\":\"EntryPoint\",\"urlTemplate\":\"https:\\\/\\\/www.labelec.es\\\/fr\\\/?s={search_term_string}\"},\"query-input\":{\"@type\":\"PropertyValueSpecification\",\"valueRequired\":true,\"valueName\":\"search_term_string\"}}],\"inLanguage\":\"Avada-fr-FR\"},{\"@type\":\"Organization\",\"@id\":\"https:\\\/\\\/www.labelec.es\\\/fr\\\/#organization\",\"name\":\"Labelec\",\"url\":\"https:\\\/\\\/www.labelec.es\\\/fr\\\/\",\"logo\":{\"@type\":\"ImageObject\",\"inLanguage\":\"Avada-fr-FR\",\"@id\":\"https:\\\/\\\/www.labelec.es\\\/fr\\\/#\\\/schema\\\/logo\\\/image\\\/\",\"url\":\"https:\\\/\\\/www.labelec.es\\\/wp-content\\\/uploads\\\/2016\\\/05\\\/AF_LOGO_LABELEC.jpg\",\"contentUrl\":\"https:\\\/\\\/www.labelec.es\\\/wp-content\\\/uploads\\\/2016\\\/05\\\/AF_LOGO_LABELEC.jpg\",\"width\":211,\"height\":240,\"caption\":\"Labelec\"},\"image\":{\"@id\":\"https:\\\/\\\/www.labelec.es\\\/fr\\\/#\\\/schema\\\/logo\\\/image\\\/\"}}]}<\/script>\n<!-- \/ Yoast SEO plugin. -->","yoast_head_json":{"title":"Politique de confidentialit\u00e9 et Cookies - Labelec","robots":{"index":"index","follow":"follow","max-snippet":"max-snippet:-1","max-image-preview":"max-image-preview:large","max-video-preview":"max-video-preview:-1"},"canonical":"https:\/\/www.labelec.es\/fr\/politique-de-confidentialite-et-cookies\/","og_locale":"en_US","og_type":"article","og_title":"Politique de confidentialit\u00e9 et Cookies - Labelec","og_url":"https:\/\/www.labelec.es\/fr\/politique-de-confidentialite-et-cookies\/","og_site_name":"Labelec","article_modified_time":"2026-04-14T09:42:20+00:00","twitter_card":"summary_large_image","twitter_misc":{"Est. reading time":"7 minutes"},"schema":{"@context":"https:\/\/schema.org","@graph":[{"@type":"WebPage","@id":"https:\/\/www.labelec.es\/fr\/politique-de-confidentialite-et-cookies\/","url":"https:\/\/www.labelec.es\/fr\/politique-de-confidentialite-et-cookies\/","name":"Politique de confidentialit\u00e9 et Cookies - Labelec","isPartOf":{"@id":"https:\/\/www.labelec.es\/fr\/#website"},"datePublished":"2026-04-14T07:35:54+00:00","dateModified":"2026-04-14T09:42:20+00:00","breadcrumb":{"@id":"https:\/\/www.labelec.es\/fr\/politique-de-confidentialite-et-cookies\/#breadcrumb"},"inLanguage":"Avada-fr-FR","potentialAction":[{"@type":"ReadAction","target":["https:\/\/www.labelec.es\/fr\/politique-de-confidentialite-et-cookies\/"]}]},{"@type":"BreadcrumbList","@id":"https:\/\/www.labelec.es\/fr\/politique-de-confidentialite-et-cookies\/#breadcrumb","itemListElement":[{"@type":"ListItem","position":1,"name":"Home","item":"https:\/\/www.labelec.es\/fr\/"},{"@type":"ListItem","position":2,"name":"Politique de confidentialit\u00e9 et Cookies"}]},{"@type":"WebSite","@id":"https:\/\/www.labelec.es\/fr\/#website","url":"https:\/\/www.labelec.es\/fr\/","name":"Labelec","description":"Laboratorio de ensayo de alta tensi\u00f3n","publisher":{"@id":"https:\/\/www.labelec.es\/fr\/#organization"},"potentialAction":[{"@type":"SearchAction","target":{"@type":"EntryPoint","urlTemplate":"https:\/\/www.labelec.es\/fr\/?s={search_term_string}"},"query-input":{"@type":"PropertyValueSpecification","valueRequired":true,"valueName":"search_term_string"}}],"inLanguage":"Avada-fr-FR"},{"@type":"Organization","@id":"https:\/\/www.labelec.es\/fr\/#organization","name":"Labelec","url":"https:\/\/www.labelec.es\/fr\/","logo":{"@type":"ImageObject","inLanguage":"Avada-fr-FR","@id":"https:\/\/www.labelec.es\/fr\/#\/schema\/logo\/image\/","url":"https:\/\/www.labelec.es\/wp-content\/uploads\/2016\/05\/AF_LOGO_LABELEC.jpg","contentUrl":"https:\/\/www.labelec.es\/wp-content\/uploads\/2016\/05\/AF_LOGO_LABELEC.jpg","width":211,"height":240,"caption":"Labelec"},"image":{"@id":"https:\/\/www.labelec.es\/fr\/#\/schema\/logo\/image\/"}}]}},"_links":{"self":[{"href":"https:\/\/www.labelec.es\/fr\/wp-json\/wp\/v2\/pages\/3868","targetHints":{"allow":["GET"]}}],"collection":[{"href":"https:\/\/www.labelec.es\/fr\/wp-json\/wp\/v2\/pages"}],"about":[{"href":"https:\/\/www.labelec.es\/fr\/wp-json\/wp\/v2\/types\/page"}],"author":[{"embeddable":true,"href":"https:\/\/www.labelec.es\/fr\/wp-json\/wp\/v2\/users\/1"}],"replies":[{"embeddable":true,"href":"https:\/\/www.labelec.es\/fr\/wp-json\/wp\/v2\/comments?post=3868"}],"version-history":[{"count":3,"href":"https:\/\/www.labelec.es\/fr\/wp-json\/wp\/v2\/pages\/3868\/revisions"}],"predecessor-version":[{"id":3922,"href":"https:\/\/www.labelec.es\/fr\/wp-json\/wp\/v2\/pages\/3868\/revisions\/3922"}],"wp:attachment":[{"href":"https:\/\/www.labelec.es\/fr\/wp-json\/wp\/v2\/media?parent=3868"}],"curies":[{"name":"wp","href":"https:\/\/api.w.org\/{rel}","templated":true}]}}