{"id":546,"date":"2016-05-30T14:40:56","date_gmt":"2016-05-30T14:40:56","guid":{"rendered":"https:\/\/www.labelec.es\/?page_id=546&#038;lang=fr"},"modified":"2026-04-14T09:40:28","modified_gmt":"2026-04-14T09:40:28","slug":"tests-de-courant","status":"publish","type":"page","link":"https:\/\/www.labelec.es\/fr\/services\/tests-de-courant","title":{"rendered":"Tests de courant"},"content":{"rendered":"<p><div class=\"fusion-fullwidth fullwidth-box fusion-builder-row-1 hundred-percent-fullwidth non-hundred-percent-height-scrolling\" style=\"--awb-border-radius-top-left:0px;--awb-border-radius-top-right:0px;--awb-border-radius-bottom-right:0px;--awb-border-radius-bottom-left:0px;--awb-overflow:visible;--awb-flex-wrap:wrap;\" ><div class=\"fusion-builder-row fusion-row\"><div class=\"fusion-layout-column fusion_builder_column fusion-builder-column-0 fusion_builder_column_1_1 1_1 fusion-one-full fusion-column-first fusion-column-last fusion-column-no-min-height\" style=\"--awb-bg-size:cover;--awb-margin-bottom:0px;\"><div class=\"fusion-column-wrapper fusion-flex-column-wrapper-legacy\">\n<div class=\"fusion-slider-revolution rev_slider_wrapper\">\t\t\t<!-- START corriente REVOLUTION SLIDER 6.7.41 --><p class=\"rs-p-wp-fix\"><\/p>\n\t\t\t<rs-module-wrap id=\"rev_slider_5_1_wrapper\" data-source=\"gallery\" style=\"visibility:hidden;background:transparent;padding:0;margin:0px auto;margin-top:0;margin-bottom:0;\">\n\t\t\t\t<rs-module id=\"rev_slider_5_1\" class=\" rs-ov-hidden\" style=\"\" data-version=\"6.7.41\">\n\t\t\t\t\t<rs-slides style=\"overflow: hidden; position: absolute;\">\n\t\t\t\t\t\t<rs-slide style=\"position: absolute;\" data-key=\"rs-5\" data-title=\"Slide\" data-anim=\"adpr:false;\">\n\t\t\t\t\t\t\t<img decoding=\"async\" src=\"\/\/www.labelec.es\/wp-content\/plugins\/revslider\/sr6\/assets\/assets\/dummy.png\" alt=\"Slide\" title=\"Tests de courant\" class=\"rev-slidebg tp-rs-img rs-lazyload\" data-lazyload=\"\/\/www.labelec.es\/wp-content\/plugins\/revslider\/sr6\/assets\/assets\/transparent.png\" data-no-retina>\n<!--\n\t\t\t\t\t\t\t--><rs-layer\n\t\t\t\t\t\t\t\tid=\"slider-5-slide-5-layer-2\" \n\t\t\t\t\t\t\t\tdata-type=\"image\"\n\t\t\t\t\t\t\t\tdata-rsp_ch=\"on\"\n\t\t\t\t\t\t\t\tdata-xy=\"x:18px;y:-155px;\"\n\t\t\t\t\t\t\t\tdata-text=\"l:22;\"\n\t\t\t\t\t\t\t\tdata-dim=\"w:1200px;h:786px;\"\n\t\t\t\t\t\t\t\tdata-frame_0=\"y:top;tp:600;\"\n\t\t\t\t\t\t\t\tdata-frame_1=\"tp:600;e:power2.inOut;st:500;sp:5000;\"\n\t\t\t\t\t\t\t\tdata-frame_999=\"tp:600;e:nothing;st:w;\"\n\t\t\t\t\t\t\t\tstyle=\"z-index:5;\"\n\t\t\t\t\t\t\t><img decoding=\"async\" src=\"\/\/www.labelec.es\/wp-content\/plugins\/revslider\/sr6\/assets\/assets\/dummy.png\" alt=\"\" class=\"tp-rs-img rs-lazyload\" width=\"1200\" height=\"786\" data-lazyload=\"\/\/www.labelec.es\/wp-content\/uploads\/2016\/11\/ensayos_alta_intensidad_banner.jpg\" data-no-retina> \n\t\t\t\t\t\t\t<\/rs-layer><!--\n-->\t\t\t\t\t<\/rs-slide>\n\t\t\t\t\t<\/rs-slides>\n\t\t\t\t<\/rs-module>\n\t\t\t\t<script>\n\t\t\t\t\tsetREVStartSize({c: 'rev_slider_5_1',rl:[1240,1024,778,480],el:[],gw:[1240],gh:[400],type:'standard',justify:'',layout:'fullwidth',mh:\"0\"});if (window.RS_MODULES!==undefined && window.RS_MODULES.modules!==undefined && window.RS_MODULES.modules[\"revslider51\"]!==undefined) {window.RS_MODULES.modules[\"revslider51\"].once = false;window.revapi5 = undefined;if (window.RS_MODULES.checkMinimal!==undefined) window.RS_MODULES.checkMinimal()}\n\t\t\t\t<\/script>\n\t\t\t<\/rs-module-wrap>\n\t\t\t<!-- END REVOLUTION SLIDER -->\n<\/div><div class=\"fusion-clearfix\"><\/div><\/div><\/div><\/div><\/div><div class=\"fusion-fullwidth fullwidth-box fusion-builder-row-2 hundred-percent-fullwidth non-hundred-percent-height-scrolling\" style=\"--awb-background-position:left top;--awb-border-sizes-top:0px;--awb-border-sizes-bottom:0px;--awb-border-sizes-left:0px;--awb-border-sizes-right:0px;--awb-border-radius-top-left:0px;--awb-border-radius-top-right:0px;--awb-border-radius-bottom-right:0px;--awb-border-radius-bottom-left:0px;--awb-padding-top:35px;--awb-padding-bottom:15px;--awb-flex-wrap:wrap;\" ><div class=\"fusion-builder-row fusion-row\"><div class=\"fusion-layout-column fusion_builder_column fusion-builder-column-1 fusion_builder_column_1_1 1_1 fusion-one-full fusion-column-first fusion-column-last fusion-column-no-min-height\" style=\"--awb-bg-size:cover;--awb-margin-bottom:0px;\"><div class=\"fusion-column-wrapper fusion-flex-column-wrapper-legacy\"><div class=\"fusion-text fusion-text-1\"><h2 style=\"text-align: center;\">Nos tests en haute intensit\u00e9 simulent les effets directs et indirects de la foudre<\/h2>\n<\/div><div class=\"fusion-clearfix\"><\/div><\/div><\/div><\/div><\/div><div class=\"fusion-fullwidth fullwidth-box fusion-builder-row-3 hundred-percent-fullwidth non-hundred-percent-height-scrolling fusion-equal-height-columns\" style=\"--awb-background-position:left top;--awb-border-sizes-top:0px;--awb-border-sizes-bottom:0px;--awb-border-sizes-left:0px;--awb-border-sizes-right:0px;--awb-border-radius-top-left:0px;--awb-border-radius-top-right:0px;--awb-border-radius-bottom-right:0px;--awb-border-radius-bottom-left:0px;--awb-padding-top:20px;--awb-padding-bottom:20px;--awb-flex-wrap:wrap;\" ><div class=\"fusion-builder-row fusion-row\"><div class=\"fusion-layout-column fusion_builder_column fusion-builder-column-2 fusion_builder_column_1_2 1_2 fusion-one-half fusion-column-first\" style=\"--awb-bg-size:cover;--awb-margin-bottom:0px;width:48%; margin-right: 4%;\"><div class=\"fusion-column-wrapper fusion-flex-column-wrapper-legacy\"><div class=\"fusion-text fusion-text-2\"><p>Les tests de courant permettent d\u2019\u00e9valuer les effets des impacts de foudre. Selon les diff\u00e9rentes normes existantes, les tests sont r\u00e9alis\u00e9s afin de v\u00e9rifier les effets des syst\u00e8mes de capture a\u00e9riens (paratonnerres). Au cours de ces tests, plusieurs d\u00e9charges de courant sont appliqu\u00e9es aux capteurs, qui ont \u00e9t\u00e9 soumis au pr\u00e9alable \u00e0 des tests de simulation de vieillissement. Cela permet de v\u00e9rifier le d\u00e9t\u00e9rior\u00e8rent souffert par les capteurs et l\u2019int\u00e9grit\u00e9 de l\u2019ensemble de ses composants. Les conducteurs de descente sont soumis \u00e0 des tests similaires et plus sp\u00e9cialement tous les \u00e9l\u00e9ments de connexion charg\u00e9s d\u2019assurer la continuit\u00e9 du syst\u00e8me de protection pendant toute leur vie utile. En plus de v\u00e9rifier la non-d\u00e9gradation de ces \u00e9l\u00e9ments de connexion apr\u00e8s la circulation du courant de la foudre, les couples de serrage et les connexions viss\u00e9es sont \u00e9galement test\u00e9s.<\/p>\n<p>Il faut \u00e9galement tester les \u00e9l\u00e9ments architectoniques susceptibles de recevoir un impact de foudre. C\u2019est le cas, par exemple, des couvertures m\u00e9talliques, les ornements, etc. En effectuant des tests au pr\u00e9alable avec une d\u00e9charge de tension, les zones ayant la plus grande probabilit\u00e9 d\u2019impact sont d\u00e9termin\u00e9es. Une fois ces zones identifi\u00e9es, des d\u00e9charges de courant y sont appliqu\u00e9es pour v\u00e9rifier leur capacit\u00e9 \u00e0 recevoir un impact de foudre et leur possible d\u00e9gradation post\u00e9rieure.<\/p>\n<p>Dans les secteurs \u00e9olien et a\u00e9ronautique, l\u2019\u00e9valuation des effets des impacts de foudre est fondamentale pour v\u00e9rifier les diff\u00e9rents designs. Les tests permettent de v\u00e9rifier la dur\u00e9e de vie attendue des syst\u00e8mes de terminaison a\u00e9rienne de captation de la foudre, les effets sur les mat\u00e9riaux compos\u00e9s tels que fibres de verre et fibres de carbone, les \u00e9l\u00e9ments de protection tels que les mailles, les \u00e9l\u00e9ments de connexion des diff\u00e9rentes parties des conducteurs sur le circuit des courants de foudre, les fixations, etc. Quant aux tests destin\u00e9s \u00e0 v\u00e9rifier la capacit\u00e9 des connexions et les effets \u00e9lectrodynamiques, les courants sont appliqu\u00e9s directement sur les \u00e9chantillons de tests. Si l\u2019objectif des tests est de v\u00e9rifier les dommages dus \u00e0 l\u2019impact direct de la foudre, les tests se r\u00e9alisent au moyen d\u2019une \u00e9lectrode pos\u00e9e \u00e0 une certaine distance de l\u2019\u00e9chantillon pour simuler la connexion du canal de la foudre avec l\u2019\u00e9l\u00e9ment de test.<\/p>\n<p>Finalement Labelec r\u00e9alise aussi des tests de distribution de courant o\u00f9 les d\u00e9charges de courant sont appliqu\u00e9es \u00e0 un \u00e9chantillon typiquement \u00e0 \u00e9chelle r\u00e9elle (par exemple palle) avec une voie de retour de faible inductance. Ces tests permettent de mesurer les courants sur les diff\u00e9rentes lignes des courants de la foudre.<\/p>\n<p>Pour tous les tests, nous offrons la possibilit\u00e9 d\u2019obtenir des thermographies apr\u00e8s l\u2019application de chaque d\u00e9charge pour \u00e9valuer les effets thermiques.<\/p>\n<p>Labelec r\u00e9alise \u00e9galement des tests pour v\u00e9rifier et caract\u00e9riser les dispositifs de protection des surtensions et de comptage des impacts.<\/p>\n<\/div><div class=\"fusion-clearfix\"><\/div><\/div><\/div><div class=\"fusion-layout-column fusion_builder_column fusion-builder-column-3 fusion_builder_column_1_2 1_2 fusion-one-half fusion-column-last\" style=\"--awb-bg-size:cover;--awb-margin-bottom:0px;width:48%;\"><div class=\"fusion-column-wrapper fusion-flex-column-wrapper-legacy\"><div class=\"fusion-column-content-centered\"><div class=\"fusion-column-content\"><div class=\"fusion-content-boxes content-boxes columns row fusion-columns-1 fusion-columns-total-1 fusion-content-boxes-1 content-boxes-icon-on-top content-right\" style=\"--awb-backgroundcolor:#f7f7f7;--awb-body-color:#dd9933;--awb-title-color:#dd9933;--awb-margin-bottom:0px;--awb-hover-accent-color:#a0ce4e;--awb-circle-hover-accent-color:#a0ce4e;--awb-item-margin-bottom:40px;\" data-animationOffset=\"top-into-view\"><div style=\"--awb-backgroundcolor:#f7f7f7;\" class=\"fusion-column content-box-column content-box-column content-box-column-1 col-lg-12 col-md-12 col-sm-12 fusion-content-box-hover content-box-column-last content-box-column-last-in-row\"><div class=\"col content-box-wrapper content-wrapper-background link-area-link-icon icon-hover-animation-fade\" data-animationOffset=\"top-into-view\"><div class=\"heading heading-with-icon icon-right\"><div class=\"icon\"><i style=\"border-color:#333333;border-width:1px;background-color:#333333;box-sizing:content-box;height:42px;width:42px;line-height:42px;border-radius:50%;font-size:21px;\" aria-hidden=\"true\" class=\"fontawesome-icon fa fa-check circle-yes\"><\/i><\/div><h2 class=\"content-box-heading fusion-responsive-typography-calculated\" style=\"--h2_typography-font-size:18px;--fontSize:18;line-height:2;\">Nous sommes r\u00e9gis selon les normatives en vigueur pour les composants suivants:<\/h2><\/div><div class=\"fusion-clearfix\"><\/div><div class=\"content-container\">Composants de protection contre la foudre : EN 50.164 \/ IEC 62.561<br \/>\nProtection contre la foudre: IEC 62.305.<br \/>\nTurbines \u00e9oliennes: IEC 61.400-24.<br \/>\nA\u00e9ronef: SAE-5416 \/ EUROCAE ED-105.<\/div><\/div><\/div><div class=\"fusion-clearfix\"><\/div><\/div><div class=\"fusion-image-element in-legacy-container\" style=\"--awb-caption-title-font-family:var(--h2_typography-font-family);--awb-caption-title-font-weight:var(--h2_typography-font-weight);--awb-caption-title-font-style:var(--h2_typography-font-style);--awb-caption-title-size:var(--h2_typography-font-size);--awb-caption-title-transform:var(--h2_typography-text-transform);--awb-caption-title-line-height:var(--h2_typography-line-height);--awb-caption-title-letter-spacing:var(--h2_typography-letter-spacing);\"><span class=\" fusion-imageframe imageframe-none imageframe-1 hover-type-none\"><img decoding=\"async\" width=\"600\" height=\"720\" title=\"ensayos_corriente-1\" src=\"https:\/\/www.labelec.es\/wp-content\/uploads\/2016\/05\/ensayos_corriente-1-1.jpg\" alt class=\"img-responsive wp-image-933\" srcset=\"https:\/\/www.labelec.es\/wp-content\/uploads\/2016\/05\/ensayos_corriente-1-1-200x240.jpg 200w, https:\/\/www.labelec.es\/wp-content\/uploads\/2016\/05\/ensayos_corriente-1-1-400x480.jpg 400w, https:\/\/www.labelec.es\/wp-content\/uploads\/2016\/05\/ensayos_corriente-1-1.jpg 600w\" sizes=\"(max-width: 1024px) 100vw, 600px\" \/><\/span><\/div><\/div><\/div><div class=\"fusion-clearfix\"><\/div><\/div><\/div><\/div><\/div><div class=\"fusion-fullwidth fullwidth-box fusion-builder-row-4 nonhundred-percent-fullwidth non-hundred-percent-height-scrolling\" style=\"--awb-border-radius-top-left:0px;--awb-border-radius-top-right:0px;--awb-border-radius-bottom-right:0px;--awb-border-radius-bottom-left:0px;--awb-padding-top:20px;--awb-padding-bottom:20px;--awb-flex-wrap:wrap;\" ><div class=\"fusion-builder-row fusion-row\"><div class=\"fusion-layout-column fusion_builder_column fusion-builder-column-4 fusion_builder_column_1_1 1_1 fusion-one-full fusion-column-first fusion-column-last\" style=\"--awb-bg-blend:overlay;--awb-bg-size:cover;\"><div class=\"fusion-column-wrapper fusion-flex-column-wrapper-legacy\"><div class=\"fusion-title title fusion-title-1 fusion-title-center fusion-title-text fusion-title-size-two\" style=\"--awb-margin-top:30px;--awb-margin-top-small:10px;--awb-margin-right-small:0px;--awb-margin-bottom-small:10px;--awb-margin-left-small:0px;\"><div class=\"title-sep-container title-sep-container-left\"><div class=\"title-sep sep-single sep-solid\" style=\"border-color:#e0dede;\"><\/div><\/div><span class=\"awb-title-spacer\"><\/span><h2 class=\"fusion-title-heading title-heading-center fusion-responsive-typography-calculated\" style=\"margin:0;--fontSize:19.5;line-height:2;\"><strong>CONTACTEZ LABELEC<\/strong><\/h2><span class=\"awb-title-spacer\"><\/span><div class=\"title-sep-container title-sep-container-right\"><div class=\"title-sep sep-single sep-solid\" style=\"border-color:#e0dede;\"><\/div><\/div><\/div><script charset=\"utf-8\" type=\"text\/javascript\" src=\"\/\/js-eu1.hsforms.net\/forms\/embed\/v2.js\"><\/script>\n<script>\n  hbspt.forms.create({\n    portalId: \"144688283\",\n    formId: \"972248db-750e-4b5f-ab55-79daa7bde2f4\",\n    region: \"eu1\"\n  });\n<\/script><div class=\"fusion-clearfix\"><\/div><\/div><\/div><\/div><\/div>\n<\/p>\n","protected":false},"excerpt":{"rendered":"","protected":false},"author":1,"featured_media":0,"parent":589,"menu_order":0,"comment_status":"closed","ping_status":"closed","template":"","meta":{"footnotes":""},"class_list":["post-546","page","type-page","status-publish","hentry"],"yoast_head":"<!-- This site is optimized with the Yoast SEO plugin v27.4 - https:\/\/yoast.com\/product\/yoast-seo-wordpress\/ -->\n<title>Essais de courant | LABELEC<\/title>\n<meta name=\"description\" content=\"Labelec r\u00e9alise des tests de courant pour simuler les effets directs et indirects de la foudre sur un mat\u00e9riel ou un \u00e9quipement concret.\" \/>\n<meta name=\"robots\" content=\"index, follow, max-snippet:-1, max-image-preview:large, max-video-preview:-1\" \/>\n<link rel=\"canonical\" href=\"https:\/\/www.labelec.es\/fr\/services\/tests-de-courant\/\" \/>\n<meta property=\"og:locale\" content=\"en_US\" \/>\n<meta property=\"og:type\" content=\"article\" \/>\n<meta property=\"og:title\" content=\"Essais de courant | LABELEC\" \/>\n<meta property=\"og:description\" content=\"Labelec r\u00e9alise des tests de courant pour simuler les effets directs et indirects de la foudre sur un mat\u00e9riel ou un \u00e9quipement concret.\" \/>\n<meta property=\"og:url\" content=\"https:\/\/www.labelec.es\/fr\/services\/tests-de-courant\/\" \/>\n<meta property=\"og:site_name\" content=\"Labelec\" \/>\n<meta property=\"article:modified_time\" content=\"2026-04-14T09:40:28+00:00\" \/>\n<meta name=\"twitter:card\" content=\"summary_large_image\" \/>\n<meta name=\"twitter:label1\" content=\"Est. reading time\" \/>\n\t<meta name=\"twitter:data1\" content=\"6 minutes\" \/>\n<script type=\"application\/ld+json\" class=\"yoast-schema-graph\">{\"@context\":\"https:\\\/\\\/schema.org\",\"@graph\":[{\"@type\":\"WebPage\",\"@id\":\"https:\\\/\\\/www.labelec.es\\\/fr\\\/services\\\/tests-de-courant\\\/\",\"url\":\"https:\\\/\\\/www.labelec.es\\\/fr\\\/services\\\/tests-de-courant\\\/\",\"name\":\"Essais de courant | LABELEC\",\"isPartOf\":{\"@id\":\"https:\\\/\\\/www.labelec.es\\\/fr\\\/#website\"},\"datePublished\":\"2016-05-30T14:40:56+00:00\",\"dateModified\":\"2026-04-14T09:40:28+00:00\",\"description\":\"Labelec r\u00e9alise des tests de courant pour simuler les effets directs et indirects de la foudre sur un mat\u00e9riel ou un \u00e9quipement concret.\",\"breadcrumb\":{\"@id\":\"https:\\\/\\\/www.labelec.es\\\/fr\\\/services\\\/tests-de-courant\\\/#breadcrumb\"},\"inLanguage\":\"Avada-fr-FR\",\"potentialAction\":[{\"@type\":\"ReadAction\",\"target\":[\"https:\\\/\\\/www.labelec.es\\\/fr\\\/services\\\/tests-de-courant\\\/\"]}]},{\"@type\":\"BreadcrumbList\",\"@id\":\"https:\\\/\\\/www.labelec.es\\\/fr\\\/services\\\/tests-de-courant\\\/#breadcrumb\",\"itemListElement\":[{\"@type\":\"ListItem\",\"position\":1,\"name\":\"Home\",\"item\":\"https:\\\/\\\/www.labelec.es\\\/fr\\\/\"},{\"@type\":\"ListItem\",\"position\":2,\"name\":\"SERVICES\",\"item\":\"https:\\\/\\\/www.labelec.es\\\/fr\\\/services\\\/\"},{\"@type\":\"ListItem\",\"position\":3,\"name\":\"Tests de courant\"}]},{\"@type\":\"WebSite\",\"@id\":\"https:\\\/\\\/www.labelec.es\\\/fr\\\/#website\",\"url\":\"https:\\\/\\\/www.labelec.es\\\/fr\\\/\",\"name\":\"Labelec\",\"description\":\"Laboratorio de ensayo de alta tensi\u00f3n\",\"publisher\":{\"@id\":\"https:\\\/\\\/www.labelec.es\\\/fr\\\/#organization\"},\"potentialAction\":[{\"@type\":\"SearchAction\",\"target\":{\"@type\":\"EntryPoint\",\"urlTemplate\":\"https:\\\/\\\/www.labelec.es\\\/fr\\\/?s={search_term_string}\"},\"query-input\":{\"@type\":\"PropertyValueSpecification\",\"valueRequired\":true,\"valueName\":\"search_term_string\"}}],\"inLanguage\":\"Avada-fr-FR\"},{\"@type\":\"Organization\",\"@id\":\"https:\\\/\\\/www.labelec.es\\\/fr\\\/#organization\",\"name\":\"Labelec\",\"url\":\"https:\\\/\\\/www.labelec.es\\\/fr\\\/\",\"logo\":{\"@type\":\"ImageObject\",\"inLanguage\":\"Avada-fr-FR\",\"@id\":\"https:\\\/\\\/www.labelec.es\\\/fr\\\/#\\\/schema\\\/logo\\\/image\\\/\",\"url\":\"https:\\\/\\\/www.labelec.es\\\/wp-content\\\/uploads\\\/2016\\\/05\\\/AF_LOGO_LABELEC.jpg\",\"contentUrl\":\"https:\\\/\\\/www.labelec.es\\\/wp-content\\\/uploads\\\/2016\\\/05\\\/AF_LOGO_LABELEC.jpg\",\"width\":211,\"height\":240,\"caption\":\"Labelec\"},\"image\":{\"@id\":\"https:\\\/\\\/www.labelec.es\\\/fr\\\/#\\\/schema\\\/logo\\\/image\\\/\"}}]}<\/script>\n<!-- \/ Yoast SEO plugin. -->","yoast_head_json":{"title":"Essais de courant | LABELEC","description":"Labelec r\u00e9alise des tests de courant pour simuler les effets directs et indirects de la foudre sur un mat\u00e9riel ou un \u00e9quipement concret.","robots":{"index":"index","follow":"follow","max-snippet":"max-snippet:-1","max-image-preview":"max-image-preview:large","max-video-preview":"max-video-preview:-1"},"canonical":"https:\/\/www.labelec.es\/fr\/services\/tests-de-courant\/","og_locale":"en_US","og_type":"article","og_title":"Essais de courant | LABELEC","og_description":"Labelec r\u00e9alise des tests de courant pour simuler les effets directs et indirects de la foudre sur un mat\u00e9riel ou un \u00e9quipement concret.","og_url":"https:\/\/www.labelec.es\/fr\/services\/tests-de-courant\/","og_site_name":"Labelec","article_modified_time":"2026-04-14T09:40:28+00:00","twitter_card":"summary_large_image","twitter_misc":{"Est. reading time":"6 minutes"},"schema":{"@context":"https:\/\/schema.org","@graph":[{"@type":"WebPage","@id":"https:\/\/www.labelec.es\/fr\/services\/tests-de-courant\/","url":"https:\/\/www.labelec.es\/fr\/services\/tests-de-courant\/","name":"Essais de courant | LABELEC","isPartOf":{"@id":"https:\/\/www.labelec.es\/fr\/#website"},"datePublished":"2016-05-30T14:40:56+00:00","dateModified":"2026-04-14T09:40:28+00:00","description":"Labelec r\u00e9alise des tests de courant pour simuler les effets directs et indirects de la foudre sur un mat\u00e9riel ou un \u00e9quipement concret.","breadcrumb":{"@id":"https:\/\/www.labelec.es\/fr\/services\/tests-de-courant\/#breadcrumb"},"inLanguage":"Avada-fr-FR","potentialAction":[{"@type":"ReadAction","target":["https:\/\/www.labelec.es\/fr\/services\/tests-de-courant\/"]}]},{"@type":"BreadcrumbList","@id":"https:\/\/www.labelec.es\/fr\/services\/tests-de-courant\/#breadcrumb","itemListElement":[{"@type":"ListItem","position":1,"name":"Home","item":"https:\/\/www.labelec.es\/fr\/"},{"@type":"ListItem","position":2,"name":"SERVICES","item":"https:\/\/www.labelec.es\/fr\/services\/"},{"@type":"ListItem","position":3,"name":"Tests de courant"}]},{"@type":"WebSite","@id":"https:\/\/www.labelec.es\/fr\/#website","url":"https:\/\/www.labelec.es\/fr\/","name":"Labelec","description":"Laboratorio de ensayo de alta tensi\u00f3n","publisher":{"@id":"https:\/\/www.labelec.es\/fr\/#organization"},"potentialAction":[{"@type":"SearchAction","target":{"@type":"EntryPoint","urlTemplate":"https:\/\/www.labelec.es\/fr\/?s={search_term_string}"},"query-input":{"@type":"PropertyValueSpecification","valueRequired":true,"valueName":"search_term_string"}}],"inLanguage":"Avada-fr-FR"},{"@type":"Organization","@id":"https:\/\/www.labelec.es\/fr\/#organization","name":"Labelec","url":"https:\/\/www.labelec.es\/fr\/","logo":{"@type":"ImageObject","inLanguage":"Avada-fr-FR","@id":"https:\/\/www.labelec.es\/fr\/#\/schema\/logo\/image\/","url":"https:\/\/www.labelec.es\/wp-content\/uploads\/2016\/05\/AF_LOGO_LABELEC.jpg","contentUrl":"https:\/\/www.labelec.es\/wp-content\/uploads\/2016\/05\/AF_LOGO_LABELEC.jpg","width":211,"height":240,"caption":"Labelec"},"image":{"@id":"https:\/\/www.labelec.es\/fr\/#\/schema\/logo\/image\/"}}]}},"_links":{"self":[{"href":"https:\/\/www.labelec.es\/fr\/wp-json\/wp\/v2\/pages\/546","targetHints":{"allow":["GET"]}}],"collection":[{"href":"https:\/\/www.labelec.es\/fr\/wp-json\/wp\/v2\/pages"}],"about":[{"href":"https:\/\/www.labelec.es\/fr\/wp-json\/wp\/v2\/types\/page"}],"author":[{"embeddable":true,"href":"https:\/\/www.labelec.es\/fr\/wp-json\/wp\/v2\/users\/1"}],"replies":[{"embeddable":true,"href":"https:\/\/www.labelec.es\/fr\/wp-json\/wp\/v2\/comments?post=546"}],"version-history":[{"count":8,"href":"https:\/\/www.labelec.es\/fr\/wp-json\/wp\/v2\/pages\/546\/revisions"}],"predecessor-version":[{"id":3920,"href":"https:\/\/www.labelec.es\/fr\/wp-json\/wp\/v2\/pages\/546\/revisions\/3920"}],"up":[{"embeddable":true,"href":"https:\/\/www.labelec.es\/fr\/wp-json\/wp\/v2\/pages\/589"}],"wp:attachment":[{"href":"https:\/\/www.labelec.es\/fr\/wp-json\/wp\/v2\/media?parent=546"}],"curies":[{"name":"wp","href":"https:\/\/api.w.org\/{rel}","templated":true}]}}