{"id":578,"date":"2016-05-30T14:41:50","date_gmt":"2016-05-30T14:41:50","guid":{"rendered":"https:\/\/www.labelec.es\/ensayos-ambientales\/?lang=fr"},"modified":"2026-04-14T09:41:05","modified_gmt":"2026-04-14T09:41:05","slug":"tests-environnementaux","status":"publish","type":"page","link":"https:\/\/www.labelec.es\/fr\/services\/tests-environnementaux\/","title":{"rendered":"Tests environnementaux"},"content":{"rendered":"<p><div class=\"fusion-fullwidth fullwidth-box fusion-builder-row-1 hundred-percent-fullwidth non-hundred-percent-height-scrolling\" style=\"--awb-border-radius-top-left:0px;--awb-border-radius-top-right:0px;--awb-border-radius-bottom-right:0px;--awb-border-radius-bottom-left:0px;--awb-overflow:visible;--awb-flex-wrap:wrap;\" ><div class=\"fusion-builder-row fusion-row\"><div class=\"fusion-layout-column fusion_builder_column fusion-builder-column-0 fusion_builder_column_1_1 1_1 fusion-one-full fusion-column-first fusion-column-last fusion-column-no-min-height\" style=\"--awb-bg-size:cover;--awb-margin-bottom:0px;\"><div class=\"fusion-column-wrapper fusion-flex-column-wrapper-legacy\">\n<div class=\"fusion-slider-revolution rev_slider_wrapper\">\t\t\t<!-- START ambientales REVOLUTION SLIDER 6.7.41 --><p class=\"rs-p-wp-fix\"><\/p>\n\t\t\t<rs-module-wrap id=\"rev_slider_6_1_wrapper\" data-source=\"gallery\" style=\"visibility:hidden;background:transparent;padding:0;margin:0px auto;margin-top:0;margin-bottom:0;\">\n\t\t\t\t<rs-module id=\"rev_slider_6_1\" class=\" rs-ov-hidden\" style=\"\" data-version=\"6.7.41\">\n\t\t\t\t\t<rs-slides style=\"overflow: hidden; position: absolute;\">\n\t\t\t\t\t\t<rs-slide style=\"position: absolute;\" data-key=\"rs-6\" data-title=\"Slide\" data-anim=\"adpr:false;\">\n\t\t\t\t\t\t\t<img decoding=\"async\" src=\"\/\/www.labelec.es\/wp-content\/plugins\/revslider\/sr6\/assets\/assets\/dummy.png\" alt=\"Slide\" title=\"Tests environnementaux\" class=\"rev-slidebg tp-rs-img rs-lazyload\" data-lazyload=\"\/\/www.labelec.es\/wp-content\/plugins\/revslider\/sr6\/assets\/assets\/transparent.png\" data-no-retina>\n<!--\n\t\t\t\t\t\t\t--><rs-layer\n\t\t\t\t\t\t\t\tid=\"slider-6-slide-6-layer-3\" \n\t\t\t\t\t\t\t\tdata-type=\"image\"\n\t\t\t\t\t\t\t\tdata-rsp_ch=\"on\"\n\t\t\t\t\t\t\t\tdata-xy=\"x:15px;\"\n\t\t\t\t\t\t\t\tdata-text=\"l:22;\"\n\t\t\t\t\t\t\t\tdata-dim=\"w:1200px;h:400px;\"\n\t\t\t\t\t\t\t\tdata-frame_0=\"x:left;o:1;tp:600;\"\n\t\t\t\t\t\t\t\tdata-frame_0_mask=\"u:t;\"\n\t\t\t\t\t\t\t\tdata-frame_1=\"tp:600;st:500;sp:3000;\"\n\t\t\t\t\t\t\t\tdata-frame_1_mask=\"u:t;\"\n\t\t\t\t\t\t\t\tdata-frame_999=\"o:0;tp:600;e:nothing;st:w;\"\n\t\t\t\t\t\t\t\tstyle=\"z-index:5;\"\n\t\t\t\t\t\t\t><img decoding=\"async\" src=\"\/\/www.labelec.es\/wp-content\/plugins\/revslider\/sr6\/assets\/assets\/dummy.png\" alt=\"\" class=\"tp-rs-img rs-lazyload\" width=\"1200\" height=\"400\" data-lazyload=\"\/\/www.labelec.es\/wp-content\/uploads\/2016\/11\/ensayos-ambientales_banner.jpg\" data-no-retina> \n\t\t\t\t\t\t\t<\/rs-layer><!--\n-->\t\t\t\t\t<\/rs-slide>\n\t\t\t\t\t<\/rs-slides>\n\t\t\t\t<\/rs-module>\n\t\t\t\t<script>\n\t\t\t\t\tsetREVStartSize({c: 'rev_slider_6_1',rl:[1240,1024,778,480],el:[],gw:[1240],gh:[400],type:'standard',justify:'',layout:'fullwidth',mh:\"0\"});if (window.RS_MODULES!==undefined && window.RS_MODULES.modules!==undefined && window.RS_MODULES.modules[\"revslider61\"]!==undefined) {window.RS_MODULES.modules[\"revslider61\"].once = false;window.revapi6 = undefined;if (window.RS_MODULES.checkMinimal!==undefined) window.RS_MODULES.checkMinimal()}\n\t\t\t\t<\/script>\n\t\t\t<\/rs-module-wrap>\n\t\t\t<!-- END REVOLUTION SLIDER -->\n<\/div><div class=\"fusion-clearfix\"><\/div><\/div><\/div><\/div><\/div><div class=\"fusion-fullwidth fullwidth-box fusion-builder-row-2 hundred-percent-fullwidth non-hundred-percent-height-scrolling\" style=\"--awb-background-position:left top;--awb-border-sizes-top:0px;--awb-border-sizes-bottom:0px;--awb-border-sizes-left:0px;--awb-border-sizes-right:0px;--awb-border-radius-top-left:0px;--awb-border-radius-top-right:0px;--awb-border-radius-bottom-right:0px;--awb-border-radius-bottom-left:0px;--awb-padding-top:20px;--awb-padding-bottom:20px;--awb-flex-wrap:wrap;\" ><div class=\"fusion-builder-row fusion-row\"><div class=\"fusion-layout-column fusion_builder_column fusion-builder-column-1 fusion_builder_column_1_1 1_1 fusion-one-full fusion-column-first fusion-column-last fusion-column-no-min-height\" style=\"--awb-bg-size:cover;--awb-margin-bottom:0px;\"><div class=\"fusion-column-wrapper fusion-flex-column-wrapper-legacy\"><div class=\"fusion-text fusion-text-1\"><h2 style=\"text-align: center;\">Tests environnementaux pour simuler le vieillissement<\/h2>\n<\/div><div class=\"fusion-clearfix\"><\/div><\/div><\/div><div class=\"fusion-layout-column fusion_builder_column fusion-builder-column-2 fusion_builder_column_1_2 1_2 fusion-one-half fusion-column-first\" style=\"--awb-bg-size:cover;width:48%; margin-right: 4%;\"><div class=\"fusion-column-wrapper fusion-flex-column-wrapper-legacy\"><div class=\"fusion-column-content-centered\"><div class=\"fusion-column-content\"><div class=\"fusion-content-boxes content-boxes columns row fusion-columns-1 fusion-columns-total-1 fusion-content-boxes-1 content-boxes-icon-on-top content-right\" style=\"--awb-backgroundcolor:#f7f7f7;--awb-body-color:#dd9933;--awb-title-color:#dd9933;--awb-hover-accent-color:#a0ce4e;--awb-circle-hover-accent-color:#a0ce4e;--awb-item-margin-bottom:40px;\" data-animationOffset=\"top-into-view\"><div style=\"--awb-backgroundcolor:#f7f7f7;\" class=\"fusion-column content-box-column content-box-column content-box-column-1 col-lg-12 col-md-12 col-sm-12 fusion-content-box-hover content-box-column-last content-box-column-last-in-row\"><div class=\"col content-box-wrapper content-wrapper-background link-area-link-icon icon-hover-animation-fade\" data-animationOffset=\"top-into-view\"><div class=\"heading heading-with-icon icon-right\"><div class=\"icon\"><i style=\"border-color:#333333;border-width:1px;background-color:#333333;box-sizing:content-box;height:42px;width:42px;line-height:42px;border-radius:50%;font-size:21px;\" aria-hidden=\"true\" class=\"fontawesome-icon fa fa-check circle-yes\"><\/i><\/div><h2 class=\"content-box-heading fusion-responsive-typography-calculated\" style=\"--h2_typography-font-size:18px;--fontSize:18;line-height:2;\">Notre laboratoire est r\u00e9gi par la normative sur les \u00e9l\u00e9ments suivants:<\/h2><\/div><div class=\"fusion-clearfix\"><\/div><div class=\"content-container\">A\u00e9rog\u00e9n\u00e9rateurs: IEC 61,400-24<br \/>\nIsolant: IEC 383 \/ EN 60.383<br \/>\nA\u00e9ronefs: SAE-5416\/EUROCAE ED-105<\/div><\/div><\/div><div class=\"fusion-clearfix\"><\/div><\/div><\/div><\/div><div class=\"fusion-clearfix\"><\/div><\/div><\/div><div class=\"fusion-layout-column fusion_builder_column fusion-builder-column-3 fusion_builder_column_1_2 1_2 fusion-one-half fusion-column-last\" style=\"--awb-bg-size:cover;width:48%;\"><div class=\"fusion-column-wrapper fusion-flex-column-wrapper-legacy\"><div class=\"fusion-text fusion-text-2\"><p>Plusieurs normes exigent un conditionnement des \u00e9chantillons de test avant de r\u00e9aliser les tests \u00e9lectriques de d\u00e9charge de haute tension ou de courant. La finalit\u00e9 de ces traitements est de simuler la d\u00e9gradation ou la corrosion auxquelles les \u00e9l\u00e9ments du syst\u00e8me de protection contre la foudre seront soumis au cours de leur vie utile.<\/p>\n<p>Chez Labelec nous r\u00e9alisons des tests de traitement de brouillard salin avec stockage dans des conditions de tr\u00e8s forte humidit\u00e9. Ces tests visent \u00e0 simuler les conditions extr\u00eames de corrosion. Nous r\u00e9alisons \u00e9galement des tests de dioxyde de soufre avec condensation de l\u2019humidit\u00e9 afin de simuler les conditions de corrosion existantes dans les environnements industriels. En outre, les tests en atmosph\u00e8re d\u2019ammoniac sont sp\u00e9cialement appliqu\u00e9s dans les composants avec un alliage contenant au minimum 80% de cuivre. Tous ces tests sont un requis obligatoire dans la majorit\u00e9 des normes pour les \u00e9l\u00e9ments de syst\u00e8me de protection contre la foudre, comme les IEC 62561.<\/p>\n<p>Labelec dispose \u00e9galement de chambres en baisse et haute temp\u00e9rature pour la r\u00e9alisation d\u2019essais m\u00e9caniques de fixations des \u00e9l\u00e9ments de syst\u00e8me de protection contre la foudre.<\/p>\n<p>En plus des essais pour la corrosion, les chambres avec temp\u00e9rature et humidit\u00e9 contr\u00f4l\u00e9es permettent la r\u00e9alisation de tests de fonctionnement des \u00e9quipements \u00e9lectriques et\/ou \u00e9lectroniques en conditions extr\u00eames de temp\u00e9rature et humidit\u00e9.<\/p>\n<\/div><div class=\"fusion-clearfix\"><\/div><\/div><\/div><\/div><\/div><div class=\"fusion-fullwidth fullwidth-box fusion-builder-row-3 nonhundred-percent-fullwidth non-hundred-percent-height-scrolling\" style=\"--awb-border-radius-top-left:0px;--awb-border-radius-top-right:0px;--awb-border-radius-bottom-right:0px;--awb-border-radius-bottom-left:0px;--awb-padding-top:20px;--awb-padding-bottom:20px;--awb-flex-wrap:wrap;\" ><div class=\"fusion-builder-row fusion-row\"><div class=\"fusion-layout-column fusion_builder_column fusion-builder-column-4 fusion_builder_column_1_1 1_1 fusion-one-full fusion-column-first fusion-column-last\" style=\"--awb-bg-blend:overlay;--awb-bg-size:cover;\"><div class=\"fusion-column-wrapper fusion-flex-column-wrapper-legacy\"><div class=\"fusion-title title fusion-title-1 fusion-title-center fusion-title-text fusion-title-size-two\" style=\"--awb-margin-top:30px;--awb-margin-top-small:10px;--awb-margin-right-small:0px;--awb-margin-bottom-small:10px;--awb-margin-left-small:0px;\"><div class=\"title-sep-container title-sep-container-left\"><div class=\"title-sep sep-single sep-solid\" style=\"border-color:#e0dede;\"><\/div><\/div><span class=\"awb-title-spacer\"><\/span><h2 class=\"fusion-title-heading title-heading-center fusion-responsive-typography-calculated\" style=\"margin:0;--fontSize:19.5;line-height:2;\"><strong>CONTACTEZ LABELEC<\/strong><\/h2><span class=\"awb-title-spacer\"><\/span><div class=\"title-sep-container title-sep-container-right\"><div class=\"title-sep sep-single sep-solid\" style=\"border-color:#e0dede;\"><\/div><\/div><\/div><script charset=\"utf-8\" type=\"text\/javascript\" src=\"\/\/js-eu1.hsforms.net\/forms\/embed\/v2.js\"><\/script>\n<script>\n  hbspt.forms.create({\n    portalId: \"144688283\",\n    formId: \"972248db-750e-4b5f-ab55-79daa7bde2f4\",\n    region: \"eu1\"\n  });\n<\/script><div class=\"fusion-clearfix\"><\/div><\/div><\/div><\/div><\/div>\n<\/p>\n","protected":false},"excerpt":{"rendered":"","protected":false},"author":1,"featured_media":0,"parent":589,"menu_order":0,"comment_status":"closed","ping_status":"closed","template":"","meta":{"footnotes":""},"class_list":["post-578","page","type-page","status-publish","hentry"],"yoast_head":"<!-- This site is optimized with the Yoast SEO plugin v27.4 - https:\/\/yoast.com\/product\/yoast-seo-wordpress\/ -->\n<title>Essais environnementaux | LABELEC<\/title>\n<meta name=\"description\" content=\"Labelec garantit l&#039;efficacit\u00e9 des composants de protection contre la foudre par la r\u00e9alisation de tests environnementaux.\" \/>\n<meta name=\"robots\" content=\"index, follow, max-snippet:-1, max-image-preview:large, max-video-preview:-1\" \/>\n<link rel=\"canonical\" href=\"https:\/\/www.labelec.es\/fr\/services\/tests-environnementaux\/\" \/>\n<meta property=\"og:locale\" content=\"en_US\" \/>\n<meta property=\"og:type\" content=\"article\" \/>\n<meta property=\"og:title\" content=\"Essais environnementaux | LABELEC\" \/>\n<meta property=\"og:description\" content=\"Labelec garantit l&#039;efficacit\u00e9 des composants de protection contre la foudre par la r\u00e9alisation de tests environnementaux.\" \/>\n<meta property=\"og:url\" content=\"https:\/\/www.labelec.es\/fr\/services\/tests-environnementaux\/\" \/>\n<meta property=\"og:site_name\" content=\"Labelec\" \/>\n<meta property=\"article:modified_time\" content=\"2026-04-14T09:41:05+00:00\" \/>\n<meta name=\"twitter:card\" content=\"summary_large_image\" \/>\n<meta name=\"twitter:label1\" content=\"Est. reading time\" \/>\n\t<meta name=\"twitter:data1\" content=\"4 minutes\" \/>\n<script type=\"application\/ld+json\" class=\"yoast-schema-graph\">{\"@context\":\"https:\\\/\\\/schema.org\",\"@graph\":[{\"@type\":\"WebPage\",\"@id\":\"https:\\\/\\\/www.labelec.es\\\/fr\\\/services\\\/tests-environnementaux\\\/\",\"url\":\"https:\\\/\\\/www.labelec.es\\\/fr\\\/services\\\/tests-environnementaux\\\/\",\"name\":\"Essais environnementaux | LABELEC\",\"isPartOf\":{\"@id\":\"https:\\\/\\\/www.labelec.es\\\/fr\\\/#website\"},\"datePublished\":\"2016-05-30T14:41:50+00:00\",\"dateModified\":\"2026-04-14T09:41:05+00:00\",\"description\":\"Labelec garantit l'efficacit\u00e9 des composants de protection contre la foudre par la r\u00e9alisation de tests environnementaux.\",\"breadcrumb\":{\"@id\":\"https:\\\/\\\/www.labelec.es\\\/fr\\\/services\\\/tests-environnementaux\\\/#breadcrumb\"},\"inLanguage\":\"Avada-fr-FR\",\"potentialAction\":[{\"@type\":\"ReadAction\",\"target\":[\"https:\\\/\\\/www.labelec.es\\\/fr\\\/services\\\/tests-environnementaux\\\/\"]}]},{\"@type\":\"BreadcrumbList\",\"@id\":\"https:\\\/\\\/www.labelec.es\\\/fr\\\/services\\\/tests-environnementaux\\\/#breadcrumb\",\"itemListElement\":[{\"@type\":\"ListItem\",\"position\":1,\"name\":\"Home\",\"item\":\"https:\\\/\\\/www.labelec.es\\\/fr\\\/\"},{\"@type\":\"ListItem\",\"position\":2,\"name\":\"SERVICES\",\"item\":\"https:\\\/\\\/www.labelec.es\\\/fr\\\/services\\\/\"},{\"@type\":\"ListItem\",\"position\":3,\"name\":\"Tests environnementaux\"}]},{\"@type\":\"WebSite\",\"@id\":\"https:\\\/\\\/www.labelec.es\\\/fr\\\/#website\",\"url\":\"https:\\\/\\\/www.labelec.es\\\/fr\\\/\",\"name\":\"Labelec\",\"description\":\"Laboratorio de ensayo de alta tensi\u00f3n\",\"publisher\":{\"@id\":\"https:\\\/\\\/www.labelec.es\\\/fr\\\/#organization\"},\"potentialAction\":[{\"@type\":\"SearchAction\",\"target\":{\"@type\":\"EntryPoint\",\"urlTemplate\":\"https:\\\/\\\/www.labelec.es\\\/fr\\\/?s={search_term_string}\"},\"query-input\":{\"@type\":\"PropertyValueSpecification\",\"valueRequired\":true,\"valueName\":\"search_term_string\"}}],\"inLanguage\":\"Avada-fr-FR\"},{\"@type\":\"Organization\",\"@id\":\"https:\\\/\\\/www.labelec.es\\\/fr\\\/#organization\",\"name\":\"Labelec\",\"url\":\"https:\\\/\\\/www.labelec.es\\\/fr\\\/\",\"logo\":{\"@type\":\"ImageObject\",\"inLanguage\":\"Avada-fr-FR\",\"@id\":\"https:\\\/\\\/www.labelec.es\\\/fr\\\/#\\\/schema\\\/logo\\\/image\\\/\",\"url\":\"https:\\\/\\\/www.labelec.es\\\/wp-content\\\/uploads\\\/2016\\\/05\\\/AF_LOGO_LABELEC.jpg\",\"contentUrl\":\"https:\\\/\\\/www.labelec.es\\\/wp-content\\\/uploads\\\/2016\\\/05\\\/AF_LOGO_LABELEC.jpg\",\"width\":211,\"height\":240,\"caption\":\"Labelec\"},\"image\":{\"@id\":\"https:\\\/\\\/www.labelec.es\\\/fr\\\/#\\\/schema\\\/logo\\\/image\\\/\"}}]}<\/script>\n<!-- \/ Yoast SEO plugin. -->","yoast_head_json":{"title":"Essais environnementaux | LABELEC","description":"Labelec garantit l'efficacit\u00e9 des composants de protection contre la foudre par la r\u00e9alisation de tests environnementaux.","robots":{"index":"index","follow":"follow","max-snippet":"max-snippet:-1","max-image-preview":"max-image-preview:large","max-video-preview":"max-video-preview:-1"},"canonical":"https:\/\/www.labelec.es\/fr\/services\/tests-environnementaux\/","og_locale":"en_US","og_type":"article","og_title":"Essais environnementaux | LABELEC","og_description":"Labelec garantit l'efficacit\u00e9 des composants de protection contre la foudre par la r\u00e9alisation de tests environnementaux.","og_url":"https:\/\/www.labelec.es\/fr\/services\/tests-environnementaux\/","og_site_name":"Labelec","article_modified_time":"2026-04-14T09:41:05+00:00","twitter_card":"summary_large_image","twitter_misc":{"Est. reading time":"4 minutes"},"schema":{"@context":"https:\/\/schema.org","@graph":[{"@type":"WebPage","@id":"https:\/\/www.labelec.es\/fr\/services\/tests-environnementaux\/","url":"https:\/\/www.labelec.es\/fr\/services\/tests-environnementaux\/","name":"Essais environnementaux | LABELEC","isPartOf":{"@id":"https:\/\/www.labelec.es\/fr\/#website"},"datePublished":"2016-05-30T14:41:50+00:00","dateModified":"2026-04-14T09:41:05+00:00","description":"Labelec garantit l'efficacit\u00e9 des composants de protection contre la foudre par la r\u00e9alisation de tests environnementaux.","breadcrumb":{"@id":"https:\/\/www.labelec.es\/fr\/services\/tests-environnementaux\/#breadcrumb"},"inLanguage":"Avada-fr-FR","potentialAction":[{"@type":"ReadAction","target":["https:\/\/www.labelec.es\/fr\/services\/tests-environnementaux\/"]}]},{"@type":"BreadcrumbList","@id":"https:\/\/www.labelec.es\/fr\/services\/tests-environnementaux\/#breadcrumb","itemListElement":[{"@type":"ListItem","position":1,"name":"Home","item":"https:\/\/www.labelec.es\/fr\/"},{"@type":"ListItem","position":2,"name":"SERVICES","item":"https:\/\/www.labelec.es\/fr\/services\/"},{"@type":"ListItem","position":3,"name":"Tests environnementaux"}]},{"@type":"WebSite","@id":"https:\/\/www.labelec.es\/fr\/#website","url":"https:\/\/www.labelec.es\/fr\/","name":"Labelec","description":"Laboratorio de ensayo de alta tensi\u00f3n","publisher":{"@id":"https:\/\/www.labelec.es\/fr\/#organization"},"potentialAction":[{"@type":"SearchAction","target":{"@type":"EntryPoint","urlTemplate":"https:\/\/www.labelec.es\/fr\/?s={search_term_string}"},"query-input":{"@type":"PropertyValueSpecification","valueRequired":true,"valueName":"search_term_string"}}],"inLanguage":"Avada-fr-FR"},{"@type":"Organization","@id":"https:\/\/www.labelec.es\/fr\/#organization","name":"Labelec","url":"https:\/\/www.labelec.es\/fr\/","logo":{"@type":"ImageObject","inLanguage":"Avada-fr-FR","@id":"https:\/\/www.labelec.es\/fr\/#\/schema\/logo\/image\/","url":"https:\/\/www.labelec.es\/wp-content\/uploads\/2016\/05\/AF_LOGO_LABELEC.jpg","contentUrl":"https:\/\/www.labelec.es\/wp-content\/uploads\/2016\/05\/AF_LOGO_LABELEC.jpg","width":211,"height":240,"caption":"Labelec"},"image":{"@id":"https:\/\/www.labelec.es\/fr\/#\/schema\/logo\/image\/"}}]}},"_links":{"self":[{"href":"https:\/\/www.labelec.es\/fr\/wp-json\/wp\/v2\/pages\/578","targetHints":{"allow":["GET"]}}],"collection":[{"href":"https:\/\/www.labelec.es\/fr\/wp-json\/wp\/v2\/pages"}],"about":[{"href":"https:\/\/www.labelec.es\/fr\/wp-json\/wp\/v2\/types\/page"}],"author":[{"embeddable":true,"href":"https:\/\/www.labelec.es\/fr\/wp-json\/wp\/v2\/users\/1"}],"replies":[{"embeddable":true,"href":"https:\/\/www.labelec.es\/fr\/wp-json\/wp\/v2\/comments?post=578"}],"version-history":[{"count":5,"href":"https:\/\/www.labelec.es\/fr\/wp-json\/wp\/v2\/pages\/578\/revisions"}],"predecessor-version":[{"id":3921,"href":"https:\/\/www.labelec.es\/fr\/wp-json\/wp\/v2\/pages\/578\/revisions\/3921"}],"up":[{"embeddable":true,"href":"https:\/\/www.labelec.es\/fr\/wp-json\/wp\/v2\/pages\/589"}],"wp:attachment":[{"href":"https:\/\/www.labelec.es\/fr\/wp-json\/wp\/v2\/media?parent=578"}],"curies":[{"name":"wp","href":"https:\/\/api.w.org\/{rel}","templated":true}]}}